{"id":16504,"date":"2025-12-24T11:43:37","date_gmt":"2025-12-24T08:43:37","guid":{"rendered":"https:\/\/www.groupfarma.com\/?page_id=16504"},"modified":"2025-12-24T11:47:31","modified_gmt":"2025-12-24T08:47:31","slug":"kvkk-aydinlatma-metni","status":"publish","type":"page","link":"http:\/\/www.groupfarma.com\/?page_id=16504","title":{"rendered":"KVKK Ayd\u0131nlatma Metni"},"content":{"rendered":"\n<p><strong>Ki\u015fisel Verilerin Korunmas\u0131na \u0130li\u015fkin Ayd\u0131nlatma Metni<\/strong><\/p>\n\n\n\n<p>6698 say\u0131l\u0131 Ki\u015fisel Verilerin Korunmas\u0131 Kanunu (\u201cKVKK\u201d) kapsam\u0131nda, veri sorumlusu s\u0131fat\u0131yla <strong>Groupfarma<\/strong>, bu internet sitesi \u00fczerinden i\u015flenen ki\u015fisel verileri KVKK\u2019ya uygun olarak i\u015flemektedir.<\/p>\n\n\n\n<p>Web sitemiz; grup \u015firketlerine ili\u015fkin genel bilgilendirme yap\u0131lmas\u0131 ve ileti\u015fim taleplerinin al\u0131nmas\u0131 amac\u0131yla kullan\u0131lmakta olup, bu kapsamda payla\u015f\u0131lan ki\u015fisel veriler yaln\u0131zca ilgili talebin de\u011ferlendirilmesi ve yan\u0131tlanmas\u0131 ama\u00e7lar\u0131yla i\u015flenmektedir.<\/p>\n\n\n\n<p>Bu internet sitesi \u00fczerinden ba\u011flant\u0131 verilen di\u011fer grup \u015firketlerine ait internet siteleri, kendi ki\u015fisel veri i\u015fleme faaliyetlerinden ve KVKK kapsam\u0131ndaki y\u00fck\u00fcml\u00fcl\u00fcklerinden <strong>ayr\u0131 ayr\u0131 sorumludur<\/strong>.<\/p>\n\n\n\n<p>\u0130\u015flenen ki\u015fisel veriler, ilgili mevzuatta \u00f6ng\u00f6r\u00fclen haller d\u0131\u015f\u0131nda \u00fc\u00e7\u00fcnc\u00fc ki\u015filere aktar\u0131lmamakta ve <strong>yurt d\u0131\u015f\u0131na aktar\u0131lmamaktad\u0131r<\/strong>.<\/p>\n\n\n\n<p>KVKK\u2019n\u0131n 11. maddesi kapsam\u0131ndaki haklar\u0131n\u0131za ili\u015fkin bilgilere<a href=\"https:\/\/www.groupfarma.com\/?page_id=16496\" data-type=\"URL\" data-id=\"https:\/\/www.groupfarma.com\/?page_id=16496\"> <strong><span style=\"text-decoration: underline;\">Gizlilik Politikas\u0131<\/span><\/strong><\/a><strong> <\/strong>sayfam\u0131zdan ula\u015fabilirsiniz.<\/p>\n","protected":false},"excerpt":{"rendered":"<p>Ki\u015fisel Verilerin Korunmas\u0131na \u0130li\u015fkin Ayd\u0131nlatma Metni 6698 say\u0131l\u0131 Ki\u015fisel Verilerin Korunmas\u0131 Kanunu (\u201cKVKK\u201d) kapsam\u0131nda, veri sorumlusu s\u0131fat\u0131yla Groupfarma, bu internet sitesi \u00fczerinden i\u015flenen ki\u015fisel verileri KVKK\u2019ya uygun olarak i\u015flemektedir. Web sitemiz; grup \u015firketlerine ili\u015fkin genel bilgilendirme yap\u0131lmas\u0131 ve ileti\u015fim taleplerinin al\u0131nmas\u0131 amac\u0131yla kullan\u0131lmakta olup, bu kapsamda payla\u015f\u0131lan ki\u015fisel veriler yaln\u0131zca ilgili talebin de\u011ferlendirilmesi ve yan\u0131tlanmas\u0131 ama\u00e7lar\u0131yla i\u015flenmektedir. Bu internet sitesi \u00fczerinden ba\u011flant\u0131 verilen di\u011fer grup \u015firketlerine ait internet siteleri, kendi ki\u015fisel veri i\u015fleme faaliyetlerinden ve KVKK kapsam\u0131ndaki y\u00fck\u00fcml\u00fcl\u00fcklerinden ayr\u0131 ayr\u0131 sorumludur. \u0130\u015flenen ki\u015fisel veriler, ilgili mevzuatta \u00f6ng\u00f6r\u00fclen haller d\u0131\u015f\u0131nda \u00fc\u00e7\u00fcnc\u00fc ki\u015filere aktar\u0131lmamakta ve yurt d\u0131\u015f\u0131na aktar\u0131lmamaktad\u0131r. KVKK\u2019n\u0131n 11. maddesi kapsam\u0131ndaki haklar\u0131n\u0131za ili\u015fkin bilgilere Gizlilik Politikas\u0131 sayfam\u0131zdan ula\u015fabilirsiniz.<\/p>\n","protected":false},"author":1,"featured_media":0,"parent":0,"menu_order":0,"comment_status":"closed","ping_status":"closed","template":"","meta":[],"_links":{"self":[{"href":"http:\/\/www.groupfarma.com\/index.php?rest_route=\/wp\/v2\/pages\/16504"}],"collection":[{"href":"http:\/\/www.groupfarma.com\/index.php?rest_route=\/wp\/v2\/pages"}],"about":[{"href":"http:\/\/www.groupfarma.com\/index.php?rest_route=\/wp\/v2\/types\/page"}],"author":[{"embeddable":true,"href":"http:\/\/www.groupfarma.com\/index.php?rest_route=\/wp\/v2\/users\/1"}],"replies":[{"embeddable":true,"href":"http:\/\/www.groupfarma.com\/index.php?rest_route=%2Fwp%2Fv2%2Fcomments&post=16504"}],"version-history":[{"count":4,"href":"http:\/\/www.groupfarma.com\/index.php?rest_route=\/wp\/v2\/pages\/16504\/revisions"}],"predecessor-version":[{"id":16508,"href":"http:\/\/www.groupfarma.com\/index.php?rest_route=\/wp\/v2\/pages\/16504\/revisions\/16508"}],"wp:attachment":[{"href":"http:\/\/www.groupfarma.com\/index.php?rest_route=%2Fwp%2Fv2%2Fmedia&parent=16504"}],"curies":[{"name":"wp","href":"https:\/\/api.w.org\/{rel}","templated":true}]}}